{"id":73,"date":"2013-06-07T12:08:25","date_gmt":"2013-06-07T10:08:25","guid":{"rendered":"http:\/\/www.officinebabilonia.org\/?page_id=73"},"modified":"2018-02-24T17:12:25","modified_gmt":"2018-02-24T16:12:25","slug":"chi-siamo-2","status":"publish","type":"page","link":"https:\/\/www.officinebabilonia.org\/?page_id=73","title":{"rendered":"CHI SIAMO"},"content":{"rendered":"<p style=\"text-align: left;\"><a href=\"http:\/\/www.officinebabilonia.org\/wp-content\/uploads\/2013\/06\/mappa-1.png\"><img loading=\"lazy\" decoding=\"async\" class=\"wp-image-1231 alignleft\" src=\"http:\/\/www.officinebabilonia.org\/wp-content\/uploads\/2013\/06\/mappa-1-400x190.png\" alt=\"\" width=\"415\" height=\"197\" srcset=\"https:\/\/www.officinebabilonia.org\/wp-content\/uploads\/2013\/06\/mappa-1-400x190.png 400w, https:\/\/www.officinebabilonia.org\/wp-content\/uploads\/2013\/06\/mappa-1-768x366.png 768w, https:\/\/www.officinebabilonia.org\/wp-content\/uploads\/2013\/06\/mappa-1-1500x714.png 1500w\" sizes=\"auto, (max-width: 415px) 100vw, 415px\" \/><\/a>L\u2019<em>Associazione Culturale Officine Babilonia<\/em> nasce dall&#8217;incontro di personalit\u00e0 creative differenti con l\u2019intento di sperimentare linguaggi artistici a forte impatto sociale.<\/p>\n<p style=\"text-align: left;\">Tra il 2006 e il 2007 il gruppo individua, come propria sede un luogo dismesso della citt\u00e0: l\u2019area delle \u201cEx Officine delle Ferrovie della Calabria\u201d. Questa rappresenta un\u2019importante testimonianza di archeologia industriale nel cuore della citt\u00e0 e, grazie alle attivit\u00e0 svolte negli ultimi anni, \u00e8 diventata sempre pi\u00f9 un\u2019esperienza unica di cooperazione sociale, culturale ed artistica.<\/p>\n<p style=\"text-align: left;\">E\u2019 proprio l\u2019attuale posizione che fa assumere alla nostra esperienza una forte valenza sociale. Diffondere linguaggi artistici \u201cnel\u201d e \u201cdal\u201d centro urbano, permette di creare un contatto con il maggior numero di cittadini interessati all&#8217;arte e coinvolgerne sempre di nuovi.\u00a0Questo processo restituisce alla citt\u00e0 una nuova dimensione sociale e di differente socialit\u00e0: troppo spesso il centro cittadino viene inquadrato esclusivamente come spazio commerciale e luogo di espletamento delle funzioni legate alla routine quotidiana, mentre il diffondersi di linguaggi artistici e creativi permette alla popolazione di vivere, questa porzione di citt\u00e0, in una nuova ottica a nostro avviso pi\u00f9 complessa ed interessante. Il nostro progetto, infatti, pone lo sguardo soprattutto in una visione futura.\u00a0<img loading=\"lazy\" decoding=\"async\" class=\" wp-image-571 alignright\" src=\"http:\/\/www.officinebabilonia.org\/wp-content\/uploads\/2013\/06\/1-9-239x400.jpg\" alt=\"\" width=\"272\" height=\"455\" srcset=\"https:\/\/www.officinebabilonia.org\/wp-content\/uploads\/2013\/06\/1-9-239x400.jpg 239w, https:\/\/www.officinebabilonia.org\/wp-content\/uploads\/2013\/06\/1-9-896x1500.jpg 896w, https:\/\/www.officinebabilonia.org\/wp-content\/uploads\/2013\/06\/1-9-210x351.jpg 210w, https:\/\/www.officinebabilonia.org\/wp-content\/uploads\/2013\/06\/1-9.jpg 1438w\" sizes=\"auto, (max-width: 272px) 100vw, 272px\" \/><\/p>\n<p style=\"text-align: left;\">Allo stesso tempo i linguaggi artistici e creativi possono divenire uno strumento privilegiato per la prevenzione dei disagi socio educativi e socio affettivi che i ragazzi nella societ\u00e0 attuale post moderna, sempre in veloce cambiamento, si trovano spesso a vivere. Siamo fortemente convinti che migliorare l&#8217;espressivit\u00e0, la comunicazione, la creativit\u00e0 possa realmente creare nuove opportunit\u00e0 di crescita a livello personale e comunitario e che questo possa portare un conseguente miglioramento della qualit\u00e0 di vita dei cittadini e della comunit\u00e0 tutta.<\/p>\n<p>Il processo di riqualificazione urbana, avviato da qualche tempo, non pu\u00f2 prescindere dalla valorizzazione delle esperienze artistiche da tempo operanti nel centro cittadino. La loro valorizzazione darebbe un senso di completezza alla rigenerazione degli spazi fisici. Il processo avviato che porter\u00e0 a breve, la costruzione di un <em>Viale del benessere <\/em>nel centro cittadino, andrebbe concretizzato anche tenendo conto di un concetto per noi fondamentale e cio\u00e8 che il benessere della cittadinanza debba essere misurato in base alle diverse opportunit\u00e0 che le si offrono. Dunque, non solo un benessere fisico generato dalla frequentazione di spazi costruiti e votati all&#8217;attivit\u00e0 fisica (corsa, atletica etc.) ma soprattutto alla messa in opera di opportunit\u00e0 che restituiscano al cittadino anche un benessere di natura interiore: l\u2019arte in questo senso, favorisce nell&#8217;individuo, tale sensazione.\u00a0 \u00a0 \u00a0 \u00a0<!--more--><\/p>\n<p style=\"text-align: left;\">Le <em>Officine Babilonia, <\/em>dunque, lavorano per incentivare lo sviluppo di un centro d\u2019arte dove quest\u2019ultima venga intesa come linguaggio per favorire un mutamento sociale attraverso azioni di creativit\u00e0 concreta e partecipata (con i quartieri, con le associazioni dell\u2019area urbana, le scuole, le ludoteche, le strutture penitenziarie, i progetti di accoglienza per migranti, le case famiglia, con enti pubblici e privati).\u00a0\u00a0Le attivit\u00e0 dell\u2019associazione spaziano dai laboratori creativi di arti plastiche, allestimenti scenografici e progetti di rammendo urbano (dove vengono utilizzati materiali di diversa natura ed anche scarti e rifiuti) alla produzione di installazioni tematiche interattive, ad attivit\u00e0 legate al mondo del teatro, del cinema, dell\u2019editoria e della musica.<\/p>\n<p style=\"text-align: left;\"><img loading=\"lazy\" decoding=\"async\" class=\"alignleft  wp-image-1233\" src=\"http:\/\/www.officinebabilonia.org\/wp-content\/uploads\/2013\/06\/attivit\u00e0-226x400.jpeg\" alt=\"\" width=\"258\" height=\"457\" srcset=\"https:\/\/www.officinebabilonia.org\/wp-content\/uploads\/2013\/06\/attivit\u00e0-226x400.jpeg 226w, https:\/\/www.officinebabilonia.org\/wp-content\/uploads\/2013\/06\/attivit\u00e0-768x1360.jpeg 768w, https:\/\/www.officinebabilonia.org\/wp-content\/uploads\/2013\/06\/attivit\u00e0-847x1500.jpeg 847w, https:\/\/www.officinebabilonia.org\/wp-content\/uploads\/2013\/06\/attivit\u00e0.jpeg 1400w\" sizes=\"auto, (max-width: 258px) 100vw, 258px\" \/>Gli obiettivi principali che si pone la nostra associazione, sono quelli di: stimolare la creativit\u00e0 come strumento fondamentale per una crescita interiore e avviare percorsi in vari campi dell\u2019arte capaci di far incontrare le capacita&#8217; espressive di ognuno in una visione collettiva e comunicativa.\u00a0Creare sul territorio una rete pubblico\/privata funzionale alla necessita&#8217; di leggere i bisogni e di tradurli in proposte progettuali concrete e sostenibili nel tempo.\u00a0Rafforzare l\u2019aspetto formativo fornendo ai partecipanti nuove competenze di base su tecniche artistiche e artigianali.\u00a0Incrementare le competenze specialistiche dei giovani, anche nell&#8217;ottica di futuri sbocchi professionali.\u00a0Stabilire un nuovo e pi\u00f9 duraturo contatto tra le nuove generazioni e l\u2019ambiente urbano, in modo da valorizzare le relazioni con il prossimo e la citt\u00e0.\u00a0Sviluppare le capacita&#8217; per osservarla e comprenderne i cambiamenti partendo da una consapevolezza delle radici culturali.<\/p>\n<p>Lavoriamo alla creazione di <span style=\"color: #003366;\"><strong>un\u00a0laboratorio creativo permanente di arte sociale<\/strong><\/span>\u00a0rivolto a tutte le realt\u00e0 giovanili presenti sul territorio cosentino, studentesse e studenti degli Istituti scolastici, gruppi associati, alunni provenienti da diverse aree geografiche,\u00a0 alunni diversamente abili ed in condizione di svantaggio, al fine di favorire un\u2019azione concreta sul tema dell\u2019integrazione e dell\u2019inclusione e coesione sociale.\u00a0La partecipazione, proposta come esperienza educativa, incrociata con nuove forme di conoscenza e con l\u2019apprendimento di nuove competenze \u00e8 proficuamente formativa ed aiuta a crescere. Mentre le esperienze partecipate, realizzate gradualmente assieme ad adulti capaci e competenti, favoriscono il consolidamento dell\u2019identit\u00e0 sociale e collettiva, rafforzano l\u2019autostima e sviluppando il senso critico.<\/p>\n<p>E\u2019 una azione creativa che tiene conto dei bisogni, dei desideri e dei pareri espressi dai soggetti coinvolti. Tutto ci\u00f2 nella consapevolezza che i nuovi cittadini non solo rappresentano gli adulti del futuro ma, anche, gli attuali portatori di bisogni peculiari, urgenti e rilevanti, cui dare risposte concrete.<\/p>\n<p>&nbsp;<\/p>\n<p style=\"text-align: center;\">\n<p>&nbsp;<\/p>\n<p>&nbsp;<\/p>\n<p>&nbsp;<\/p>\n","protected":false},"excerpt":{"rendered":"<p>L\u2019Associazione Culturale Officine Babilonia nasce dall&#8217;incontro di personalit\u00e0 creative differenti con l\u2019intento di sperimentare linguaggi artistici a forte impatto sociale. Tra il 2006 e il 2007 il gruppo individua, come propria sede un luogo dismesso della citt\u00e0: l\u2019area delle \u201cEx Officine delle Ferrovie della Calabria\u201d. Questa rappresenta un\u2019importante testimonianza di archeologia industriale nel cuore della&#8230;<\/p>\n","protected":false},"author":2,"featured_media":0,"parent":0,"menu_order":1,"comment_status":"closed","ping_status":"closed","template":"","meta":{"footnotes":""},"class_list":["post-73","page","type-page","status-publish","hentry"],"_links":{"self":[{"href":"https:\/\/www.officinebabilonia.org\/index.php?rest_route=\/wp\/v2\/pages\/73","targetHints":{"allow":["GET"]}}],"collection":[{"href":"https:\/\/www.officinebabilonia.org\/index.php?rest_route=\/wp\/v2\/pages"}],"about":[{"href":"https:\/\/www.officinebabilonia.org\/index.php?rest_route=\/wp\/v2\/types\/page"}],"author":[{"embeddable":true,"href":"https:\/\/www.officinebabilonia.org\/index.php?rest_route=\/wp\/v2\/users\/2"}],"replies":[{"embeddable":true,"href":"https:\/\/www.officinebabilonia.org\/index.php?rest_route=%2Fwp%2Fv2%2Fcomments&post=73"}],"version-history":[{"count":23,"href":"https:\/\/www.officinebabilonia.org\/index.php?rest_route=\/wp\/v2\/pages\/73\/revisions"}],"predecessor-version":[{"id":1235,"href":"https:\/\/www.officinebabilonia.org\/index.php?rest_route=\/wp\/v2\/pages\/73\/revisions\/1235"}],"wp:attachment":[{"href":"https:\/\/www.officinebabilonia.org\/index.php?rest_route=%2Fwp%2Fv2%2Fmedia&parent=73"}],"curies":[{"name":"wp","href":"https:\/\/api.w.org\/{rel}","templated":true}]}}